{"id":60,"date":"2019-02-14T14:43:02","date_gmt":"2019-02-14T13:43:02","guid":{"rendered":"http:\/\/relaunch.lechen.at\/?page_id=60"},"modified":"2021-07-15T11:22:13","modified_gmt":"2021-07-15T09:22:13","slug":"wilkommen","status":"publish","type":"page","link":"https:\/\/lechen.at\/en\/wilkommen\/","title":{"rendered":"wilkommen"},"content":{"rendered":"<p>[vc_row css_animation=&#8221;&#8221; row_type=&#8221;row&#8221; use_row_as_full_screen_section=&#8221;no&#8221; type=&#8221;grid&#8221; angled_section=&#8221;no&#8221; text_align=&#8221;left&#8221; background_image_as_pattern=&#8221;without_pattern&#8221;][vc_column][vc_empty_space][vc_column_text]<\/p>\n<h1>Herzlich Willkommen am Lechenhof in S\u00f6ll<\/h1>\n<p>[\/vc_column_text][vc_empty_space][vc_column_text]<strong><em>\u2026ruhig gelegen und trotzdem mittendrin\u2026<\/em><\/strong><\/p>\n<ul>\n<li><strong><em>im Winter direkt im Skigebiet (an der Talabfahrt S\u00f6ll)<\/em><\/strong><\/li>\n<\/ul>\n<ul>\n<li><strong><em>im Sommer direkt unter der Bergerlebniswelt \u201eHexenwasser\u201c (10 Gehminuten)<\/em><\/strong><\/li>\n<\/ul>\n<p>Unser Bauernhof wurde in Blockbauweise neu errichtet und liegt unterhalb der Hohen Salve auf ca. 1.070 m Seeh\u00f6he mitten im gr\u00f6\u00dften Ski- und Wandergebiet \u00d6sterreichs, <strong>direkt an der Skipiste und der beleuchten Rodelbahn<\/strong>. Unseren G\u00e4sten bietet sich Sommer wie Winter ein herrlicher Ausblick auf den Wilden Kaiser, das S\u00f6lllandl sowie auf das, aus Film und Fernsehen bekannte \u201eBergdoktorhaus\u201c.<\/p>\n<p><strong>Wir freuen uns auf Ihren Besuch!<\/strong>[\/vc_column_text][vc_empty_space][vc_single_image image=&#8221;65&#8243; img_size=&#8221;full&#8221; onclick=&#8221;link_image&#8221; qode_css_animation=&#8221;&#8221;][vc_empty_space][\/vc_column][\/vc_row]<\/p>\n","protected":false},"excerpt":{"rendered":"<p>[vc_row css_animation=&#8221;&#8221; row_type=&#8221;row&#8221; use_row_as_full_screen_section=&#8221;no&#8221; type=&#8221;grid&#8221; angled_section=&#8221;no&#8221; text_align=&#8221;left&#8221; background_image_as_pattern=&#8221;without_pattern&#8221;][vc_column][vc_empty_space][vc_column_text] Herzlich Willkommen am Lechenhof in S\u00f6ll [\/vc_column_text][vc_empty_space][vc_column_text]\u2026ruhig gelegen und trotzdem mittendrin\u2026 im Winter direkt im Skigebiet (an der Talabfahrt S\u00f6ll) im Sommer direkt unter der Bergerlebniswelt \u201eHexenwasser\u201c (10 Gehminuten) Unser Bauernhof wurde in Blockbauweise neu errichtet und&#8230;<\/p>\n","protected":false},"author":1,"featured_media":0,"parent":0,"menu_order":0,"comment_status":"closed","ping_status":"closed","template":"full_width.php","meta":{"_exactmetrics_skip_tracking":false,"_exactmetrics_sitenote_active":false,"_exactmetrics_sitenote_note":"","_exactmetrics_sitenote_category":0},"_links":{"self":[{"href":"https:\/\/lechen.at\/en\/wp-json\/wp\/v2\/pages\/60"}],"collection":[{"href":"https:\/\/lechen.at\/en\/wp-json\/wp\/v2\/pages"}],"about":[{"href":"https:\/\/lechen.at\/en\/wp-json\/wp\/v2\/types\/page"}],"author":[{"embeddable":true,"href":"https:\/\/lechen.at\/en\/wp-json\/wp\/v2\/users\/1"}],"replies":[{"embeddable":true,"href":"https:\/\/lechen.at\/en\/wp-json\/wp\/v2\/comments?post=60"}],"version-history":[{"count":7,"href":"https:\/\/lechen.at\/en\/wp-json\/wp\/v2\/pages\/60\/revisions"}],"predecessor-version":[{"id":405,"href":"https:\/\/lechen.at\/en\/wp-json\/wp\/v2\/pages\/60\/revisions\/405"}],"wp:attachment":[{"href":"https:\/\/lechen.at\/en\/wp-json\/wp\/v2\/media?parent=60"}],"curies":[{"name":"wp","href":"https:\/\/api.w.org\/{rel}","templated":true}]}}