{"id":341,"date":"2019-03-06T13:13:57","date_gmt":"2019-03-06T12:13:57","guid":{"rendered":"http:\/\/relaunch.lechen.at\/?page_id=341"},"modified":"2021-07-15T11:18:10","modified_gmt":"2021-07-15T09:18:10","slug":"impressum","status":"publish","type":"page","link":"https:\/\/lechen.at\/en\/impressum\/","title":{"rendered":"Impressum"},"content":{"rendered":"<p>[vc_row css_animation=&#8221;&#8221; row_type=&#8221;row&#8221; use_row_as_full_screen_section=&#8221;no&#8221; type=&#8221;grid&#8221; angled_section=&#8221;no&#8221; text_align=&#8221;left&#8221; background_image_as_pattern=&#8221;without_pattern&#8221;][vc_column][vc_empty_space][vc_column_text]<\/p>\n<h1>Impressum &amp; Disclaimer<\/h1>\n<p>&nbsp;<\/p>\n<p>&nbsp;<\/p>\n<h2>F\u00fcr den Inhalt verantwortlich<\/h2>\n<p>&nbsp;<\/p>\n<h4><strong>Familie Feiersinger<br \/>\n<\/strong><\/h4>\n<p>Lechenhof<br \/>\nSalvenberg 6<br \/>\nA-6306 S\u00f6ll<\/p>\n<p>Tel. +43 5333 43291<br \/>\nFax: +43 5333 43291 DW-7<br \/>\nMobil +43 664 8461 907<br \/>\nE-Mail:<a href=\"mailto:martin.feiersinger@aon.at\" target=\"_blank\" rel=\"noopener\">E-Mail: martin.feiersinger@aon.at<\/a><br \/>\nWebsite: <a href=\"http:\/\/www.lechen.at\">www.lechen.at<\/a><\/p>\n<p>&nbsp;<\/p>\n<p>&nbsp;<\/p>\n<h2>Allgemeine Informationspflicht<\/h2>\n<p>&nbsp;<\/p>\n<p>&nbsp;<\/p>\n<h2>AGBs<\/h2>\n<p><a href=\"http:\/\/www.hotelverband.at\/down\/AGBH_061115.pdf\" rel=\"noopener\">Es gelten die allgemeinen Gesch\u00e4ftsbedingungen (AGBs)<\/a><\/p>\n<p>&nbsp;<\/p>\n<p>&nbsp;<\/p>\n<h2>Konzeption und Design<\/h2>\n<h3>bigfoot-design.at GmbH<\/h3>\n<div title=\"Standort Pinzgau\">Harham 79 \u00b7 5760 Saalfelden, Austria<\/div>\n<p>E-Mail: <a href=\"mailto:office@bigfoot-design.at\">office@bigfoot-design.at<\/a><br \/>\nWebsite: <a href=\"http:\/\/www.bigfoot-design.at\/\" rel=\"noopener\">www.bigfoot-design.at<\/a><\/p>\n<div>\n<h2><\/h2>\n<h2><\/h2>\n<h2>Haftung f\u00fcr Links<\/h2>\n<p>Trotz sorgf\u00e4ltiger inhaltlicher Kontrolle \u00fcbernehmen wir keine Haftung f\u00fcr die Inhalte externer Links. F\u00fcr den Inhalt der verlinkten Seiten sind ausschlie\u00dflich deren Betreiber verantwortlich. Es gilt der Haftungsausschluss.<\/p>\n<div>\n<h2><\/h2>\n<h2><\/h2>\n<h2>Urheberrecht<\/h2>\n<p>Der Inhalt dieser Website ist urheberrechtlich gesch\u00fctzt. Die Bereitstellung von Inhalten und Bildmaterial dieser Website auf anderen Websites ist nur mit ausdr\u00fccklicher Genehmigung der Redaktion gestattet. Die auf dieser Website enthaltenen Angaben werden nach bestem Wissen erstellt und mit gro\u00dfer Sorgfalt auf ihre Richtigkeit \u00fcberpr\u00fcft. Trotzdem sind inhaltliche und sachliche Fehler nicht vollst\u00e4ndig auszuschlie\u00dfen. Unser Unternehmen \u00fcbernimmt keinerlei Garantie und Haftung f\u00fcr die Richtigkeit, Aktualit\u00e4t und Vollst\u00e4ndigkeit der bereitgestellten Informationen. Alle Angaben sind ohne Gew\u00e4hr. Dies gilt auch f\u00fcr alle Links zu anderen URLs, die auf unserer Website genannt werden.<\/p>\n<div>\n<h2>Bildnachweis<\/h2>\n<p>Ingo Breitfu\u00df, privat<\/p>\n<div>\n<h2>Datenschutz<\/h2>\n<p>Ihre pers\u00f6nlichen Daten werden selbstverst\u00e4ndlich vertraulich behandelt und nicht an Dritte weitergegeben.<\/p>\n<\/div>\n<\/div>\n<\/div>\n<\/div>\n<p>[\/vc_column_text][vc_empty_space][\/vc_column][\/vc_row]<\/p>\n","protected":false},"excerpt":{"rendered":"<p>[vc_row css_animation=&#8221;&#8221; row_type=&#8221;row&#8221; use_row_as_full_screen_section=&#8221;no&#8221; type=&#8221;grid&#8221; angled_section=&#8221;no&#8221; text_align=&#8221;left&#8221; background_image_as_pattern=&#8221;without_pattern&#8221;][vc_column][vc_empty_space][vc_column_text] Impressum &amp; Disclaimer &nbsp; &nbsp; F\u00fcr den Inhalt verantwortlich &nbsp; Familie Feiersinger Lechenhof Salvenberg 6 A-6306 S\u00f6ll Tel. +43 5333 43291 Fax: +43 5333 43291 DW-7 Mobil +43 664 8461 907 E-Mail:E-Mail: martin.feiersinger@aon.at Website: www.lechen.at &nbsp; &nbsp;&#8230;<\/p>\n","protected":false},"author":1,"featured_media":0,"parent":0,"menu_order":0,"comment_status":"closed","ping_status":"closed","template":"full_width.php","meta":{"_exactmetrics_skip_tracking":false,"_exactmetrics_sitenote_active":false,"_exactmetrics_sitenote_note":"","_exactmetrics_sitenote_category":0},"_links":{"self":[{"href":"https:\/\/lechen.at\/en\/wp-json\/wp\/v2\/pages\/341"}],"collection":[{"href":"https:\/\/lechen.at\/en\/wp-json\/wp\/v2\/pages"}],"about":[{"href":"https:\/\/lechen.at\/en\/wp-json\/wp\/v2\/types\/page"}],"author":[{"embeddable":true,"href":"https:\/\/lechen.at\/en\/wp-json\/wp\/v2\/users\/1"}],"replies":[{"embeddable":true,"href":"https:\/\/lechen.at\/en\/wp-json\/wp\/v2\/comments?post=341"}],"version-history":[{"count":1,"href":"https:\/\/lechen.at\/en\/wp-json\/wp\/v2\/pages\/341\/revisions"}],"predecessor-version":[{"id":342,"href":"https:\/\/lechen.at\/en\/wp-json\/wp\/v2\/pages\/341\/revisions\/342"}],"wp:attachment":[{"href":"https:\/\/lechen.at\/en\/wp-json\/wp\/v2\/media?parent=341"}],"curies":[{"name":"wp","href":"https:\/\/api.w.org\/{rel}","templated":true}]}}