{"id":191,"date":"2019-03-05T15:21:16","date_gmt":"2019-03-05T14:21:16","guid":{"rendered":"http:\/\/relaunch.lechen.at\/?page_id=191"},"modified":"2021-07-15T11:11:38","modified_gmt":"2021-07-15T09:11:38","slug":"allgemeine-informationen","status":"publish","type":"page","link":"https:\/\/lechen.at\/en\/allgemeine-informationen\/","title":{"rendered":"Allgemeine Informationen"},"content":{"rendered":"<p>[vc_row css_animation=&#8221;&#8221; row_type=&#8221;row&#8221; use_row_as_full_screen_section=&#8221;no&#8221; type=&#8221;grid&#8221; angled_section=&#8221;no&#8221; text_align=&#8221;left&#8221; background_image_as_pattern=&#8221;without_pattern&#8221;][vc_column][vc_empty_space][vc_column_text]<\/p>\n<h1 style=\"text-align: center;\">Allgemeine Infos<\/h1>\n<p>[\/vc_column_text][vc_empty_space][vc_empty_space][vc_column_text]<\/p>\n<h2>Skipiste und Rodelbahn<\/h2>\n<p>[\/vc_column_text][vc_empty_space height=&#8221;20px&#8221;][vc_column_text]Im Winter f\u00fchrt die Schipiste direkt am Haus vorbei. Sie k\u00f6nnen also gleich hinter unserem Hof Ihre Schi anschnallen und auf der Talabfahrt in das Pistenvergn\u00fcgen der Skiwelt Wilder Kaiser eintauchen. Die Rodelbahn \u201eHexenritt\u201c befindet sich ebenso in unmittelbarer N\u00e4he. Schlitten\/Sportrodeln stehen gegen Kaution kostenlos zur Verf\u00fcgung![\/vc_column_text][vc_empty_space][vc_column_text]<\/p>\n<h2>Nachtbetrieb<\/h2>\n<p>[\/vc_column_text][vc_empty_space height=&#8221;20px&#8221;][vc_column_text]Von Mittwoch bis Samstag Nachtschifahren in der Skiwelt Wilder Kaiser von 18:30 Uhr bis 21:45 Uhr, Talabfahrt beleuchtet, Talabfahrt bis 22:15 Uhr m\u00f6glich.<br \/>\n2 Rodelbahnen:<br \/>\nHexenritt (Start: Mittelstation GH Hochs\u00f6ll) \u2013 die \u201ewildere\u201c<br \/>\nMondscheinbahn (Start St\u00f6cklalm) \u2013 die \u201eg\u2019miatliche\u201c[\/vc_column_text][vc_empty_space][vc_column_text]<\/p>\n<h2>Infrastruktur<\/h2>\n<p>[\/vc_column_text][vc_empty_space height=&#8221;20px&#8221;][vc_column_text]In unserem Dorf finden Sie :<\/p>\n<ul>\n<li>Arzt (Sportmediziner)<\/li>\n<li>Salvenaphotheke<\/li>\n<li>B\u00e4cker im Dorfzentrum<\/li>\n<li>Bio-B\u00e4cker an der Talstation der Bergbahnen<\/li>\n<li>Superm\u00e4rkte mit Feinkostabteilung und B\u00e4ckerei, tw. auch sonntags ge\u00f6ffnet (in der Hauptsaison)<\/li>\n<li>Tiroler Bauernstadl: regionale Produkte<\/li>\n<li>Bankomat an der Talstation der Bergbahnen<\/li>\n<li>Skischule <a href=\"http:\/\/www.skischule-soell.com\/\" rel=\"noopener\">S\u00f6ll-Hochs\u00f6ll<\/a><\/li>\n<li>zahlreiche Sportgesch\u00e4fte mit (Online-) Skiverleih und -service\n<ul>\n<li>Tipp: <strong><a href=\"http:\/\/www.snowfun.biz\" rel=\"noopener\">www.snowfun.biz<\/a><\/strong><strong><br \/>\n<\/strong>Steinbacher Martin<br \/>\n<em>PLUS:<\/em> individuelle, pers\u00f6nliche Beratung<\/li>\n<li>Tipp: <strong><a href=\"http:\/\/www.sport-edinger.at\" rel=\"noopener\">www.sport-edinger.at<\/a><\/strong><strong><br \/>\n<\/strong>Fam. Edinger<br \/>\n<em>PLUS:<\/em> die Lage \u2013&gt; direkt an der Talstation der Bergbahnen, hochwertige Skibekleidung f\u00fcr Erwachsene und Kinder<\/li>\n<\/ul>\n<\/li>\n<\/ul>\n<p>[\/vc_column_text][vc_empty_space][vc_column_text]<\/p>\n<h2>Berggasth\u00e4user<\/h2>\n<p>[\/vc_column_text][vc_empty_space height=&#8221;20px&#8221;][vc_column_text]Auch f\u00fcr zahlreiche kulinarische Gen\u00fcsse k\u00f6nnen wir viele Restaurants in unserer Umgebung empfehlen:<\/p>\n<ul>\n<li><a href=\"http:\/\/www.alpengasthof-hochsoell.at\/de\/winter\/home.html\" rel=\"noopener\">Alpengasthof Hochs\u00f6ll<\/a><\/li>\n<li><a href=\"http:\/\/www.salvenmoos.at\/\" rel=\"noopener\">Alpengasthof Salvenmoos<\/a><\/li>\n<li><a href=\"http:\/\/www.stoecklalm.com\/de\/\" rel=\"noopener\">Gasthof St\u00f6cklalm<\/a> (H\u00fcttenabend Mi. und Sa., t\u00e4glich Apres-Ski)<\/li>\n<li><a href=\"http:\/\/www.gruendlalm.at\/\" rel=\"noopener\">Bergrestaurant Gr\u00fcndlalm<\/a> (Sommer Almfr\u00fchst\u00fcck)<\/li>\n<li><a href=\"http:\/\/www.hohe-salve.at\/de\/\" rel=\"noopener\">Gipfelalm Hohe Salve<\/a><\/li>\n<\/ul>\n<p>Tipp:<br \/>\nIm Schigebiet Scheffau am Brandstadl sehr empfehlenswert:<br \/>\nBerggasthaus Tanzbodenalm<br \/>\nlt. einem Gast das \u201ebeste Haus in der Skiwelt\u201c[\/vc_column_text][vc_empty_space][\/vc_column][\/vc_row]<\/p>\n","protected":false},"excerpt":{"rendered":"<p>[vc_row css_animation=&#8221;&#8221; row_type=&#8221;row&#8221; use_row_as_full_screen_section=&#8221;no&#8221; type=&#8221;grid&#8221; angled_section=&#8221;no&#8221; text_align=&#8221;left&#8221; background_image_as_pattern=&#8221;without_pattern&#8221;][vc_column][vc_empty_space][vc_column_text] Allgemeine Infos [\/vc_column_text][vc_empty_space][vc_empty_space][vc_column_text] Skipiste und Rodelbahn [\/vc_column_text][vc_empty_space height=&#8221;20px&#8221;][vc_column_text]Im Winter f\u00fchrt die Schipiste direkt am Haus vorbei. Sie k\u00f6nnen also gleich hinter unserem Hof Ihre Schi anschnallen und auf der Talabfahrt in das Pistenvergn\u00fcgen der Skiwelt Wilder Kaiser&#8230;<\/p>\n","protected":false},"author":1,"featured_media":0,"parent":0,"menu_order":0,"comment_status":"closed","ping_status":"closed","template":"full_width.php","meta":{"_exactmetrics_skip_tracking":false,"_exactmetrics_sitenote_active":false,"_exactmetrics_sitenote_note":"","_exactmetrics_sitenote_category":0},"_links":{"self":[{"href":"https:\/\/lechen.at\/en\/wp-json\/wp\/v2\/pages\/191"}],"collection":[{"href":"https:\/\/lechen.at\/en\/wp-json\/wp\/v2\/pages"}],"about":[{"href":"https:\/\/lechen.at\/en\/wp-json\/wp\/v2\/types\/page"}],"author":[{"embeddable":true,"href":"https:\/\/lechen.at\/en\/wp-json\/wp\/v2\/users\/1"}],"replies":[{"embeddable":true,"href":"https:\/\/lechen.at\/en\/wp-json\/wp\/v2\/comments?post=191"}],"version-history":[{"count":2,"href":"https:\/\/lechen.at\/en\/wp-json\/wp\/v2\/pages\/191\/revisions"}],"predecessor-version":[{"id":227,"href":"https:\/\/lechen.at\/en\/wp-json\/wp\/v2\/pages\/191\/revisions\/227"}],"wp:attachment":[{"href":"https:\/\/lechen.at\/en\/wp-json\/wp\/v2\/media?parent=191"}],"curies":[{"name":"wp","href":"https:\/\/api.w.org\/{rel}","templated":true}]}}